{"id":168,"date":"2023-02-08T12:51:53","date_gmt":"2023-02-08T11:51:53","guid":{"rendered":"https:\/\/heffner.consulting\/imprint\/"},"modified":"2026-03-27T12:24:13","modified_gmt":"2026-03-27T11:24:13","slug":"imprint","status":"publish","type":"page","link":"https:\/\/heffner.consulting\/en\/imprint\/","title":{"rendered":"Imprint"},"content":{"rendered":"\n<h2 class=\"wp-block-heading\">Information according to \u00a7 5 DDG<\/h2>\n\n\n\n<p>IT Consultant<br>Christian Heffner<br>Sitzendorfer Str. 2<br>12687 Berlin<\/p>\n\n\n\n<h2 class=\"wp-block-heading\">Contact<\/h2>\n\n\n\n<p>Phone: +49 (0) 30 \/ 58 58 205 &#8211; 0<br>Fax: +49 (0) 30 \/ 58 58 205 &#8211; 99<br>E-mail: info@heffner.consulting<\/p>\n\n\n\n<h2 class=\"wp-block-heading\">Sales tax ID<\/h2>\n\n\n\n<p>Sales tax identification number according to \u00a7 27a Umsatzsteuergesetz:<br>DE 306355007<\/p>\n\n\n\n<h2 class=\"wp-block-heading\">Details of professional liability insurance<\/h2>\n\n\n\n<p><strong>Name and registered office of the insurer:<\/strong><br>\nMarkel Insurance SE<br>\nSophienstr. 26<br>\n80333 Munich<br>\nRegister Court: Munich Local Court<br>\nCommercial register number: HRB 233618<\/p>\n\n\n\n<p><strong>Scope of the insurance:<\/strong><br>Worldwide<\/p>\n\n\n\n<h2 class=\"wp-block-heading\">EU Dispute Resolution<\/h2>\n\n\n\n<p>The European Commission provides a platform for online dispute resolution (ODR): <a href=\"https:\/\/ec.europa.eu\/consumers\/odr\/\" target=\"_blank\" rel=\"noopener noreferrer\">https:\/\/ec.europa.eu\/consumers\/odr\/.<\/a><br>  You can find our e-mail address in the imprint above.<\/p>\n\n\n\n<h2 class=\"wp-block-heading\">Consumer dispute resolution\/universal arbitration board<\/h2>\n\n\n\n<p>We participate in a dispute resolution procedure before a consumer arbitration board. The universal arbitration board of the Zentrum f\u00fcr Schlichtung e.V., Stra\u00dfburger Stra\u00dfe 8, 77694 Kehl am Rhein<a href=\"https:\/\/www.verbraucher-schlichter.de\" rel=\"noopener noreferrer\" target=\"_blank\">(https:\/\/www.verbraucher-schlichter.de)<\/a> is responsible.<\/p>\n\n\n\n<p>Source: <a href=\"https:\/\/www.e-recht24.de\">eRecht24<\/a><\/p>\n","protected":false},"excerpt":{"rendered":"<p>Information according to \u00a7 5 DDG IT ConsultantChristian HeffnerSitzendorfer Str. 212687 Berlin Contact Phone: +49 (0) 30 \/ 58 58 205 &#8211; 0Fax: +49 (0) 30 \/ 58 58 205 &#8211; 99E-mail: info@heffner.consulting Sales tax ID Sales tax identification number according to [&hellip;]<\/p>\n","protected":false},"author":1,"featured_media":0,"parent":0,"menu_order":0,"comment_status":"closed","ping_status":"closed","template":"","meta":{"footnotes":""},"class_list":["post-168","page","type-page","status-publish","hentry"],"_links":{"self":[{"href":"https:\/\/heffner.consulting\/en\/wp-json\/wp\/v2\/pages\/168","targetHints":{"allow":["GET"]}}],"collection":[{"href":"https:\/\/heffner.consulting\/en\/wp-json\/wp\/v2\/pages"}],"about":[{"href":"https:\/\/heffner.consulting\/en\/wp-json\/wp\/v2\/types\/page"}],"author":[{"embeddable":true,"href":"https:\/\/heffner.consulting\/en\/wp-json\/wp\/v2\/users\/1"}],"replies":[{"embeddable":true,"href":"https:\/\/heffner.consulting\/en\/wp-json\/wp\/v2\/comments?post=168"}],"version-history":[{"count":2,"href":"https:\/\/heffner.consulting\/en\/wp-json\/wp\/v2\/pages\/168\/revisions"}],"predecessor-version":[{"id":251,"href":"https:\/\/heffner.consulting\/en\/wp-json\/wp\/v2\/pages\/168\/revisions\/251"}],"wp:attachment":[{"href":"https:\/\/heffner.consulting\/en\/wp-json\/wp\/v2\/media?parent=168"}],"curies":[{"name":"wp","href":"https:\/\/api.w.org\/{rel}","templated":true}]}}